{"id":1117,"date":"2026-05-08T04:01:29","date_gmt":"2026-05-08T04:01:29","guid":{"rendered":"https:\/\/paintingwithjesse.com\/?page_id=1117"},"modified":"2026-05-08T04:33:03","modified_gmt":"2026-05-08T04:33:03","slug":"terms-of-service","status":"publish","type":"page","link":"https:\/\/paintingwithjesse.com\/es\/terms-of-service\/","title":{"rendered":"Terms of Service"},"content":{"rendered":"<div data-elementor-type=\"wp-page\" data-elementor-id=\"1117\" class=\"elementor elementor-1117\" data-elementor-post-type=\"page\">\n\t\t\t\t<div class=\"elementor-element elementor-element-8a66525 e-flex e-con-boxed e-con e-parent\" data-id=\"8a66525\" data-element_type=\"container\" data-e-type=\"container\">\n\t\t\t\t\t<div class=\"e-con-inner\">\n\t\t\t\t<div class=\"elementor-element elementor-element-1c72132 elementor-widget elementor-widget-heading\" data-id=\"1c72132\" data-element_type=\"widget\" data-e-type=\"widget\" data-widget_type=\"heading.default\">\n\t\t\t\t\t<h2 class=\"elementor-heading-title elementor-size-default\">T\u00e9rminos de Servicio <\/h2>\t\t\t\t<\/div>\n\t\t\t\t<div class=\"elementor-element elementor-element-0284c32 elementor-widget__width-initial elementor-widget elementor-widget-text-editor\" data-id=\"0284c32\" data-element_type=\"widget\" data-e-type=\"widget\" data-widget_type=\"text-editor.default\">\n\t\t\t\t\t\t\t\t\tAl utilizar nuestros servicios, usted acepta que Painting with Jesse, LLC ofrece programas de arte instructivos y no es un proveedor de terapia m\u00e9dica o cl\u00ednica. Los servicios se financian a trav\u00e9s de la autorizaci\u00f3n del Centro Regional o mediante pago privado. La asistencia a las sesiones virtuales requiere una conexi\u00f3n a internet estable y suministros de arte b\u00e1sicos, tal como se describe en la descripci\u00f3n del programa.\t\t\t\t\t\t\t\t<\/div>\n\t\t\t\t\t<\/div>\n\t\t\t\t<\/div>\n\t\t\t\t<\/div>","protected":false},"excerpt":{"rendered":"<p>Terms Of Service By using our services, you agree that Painting with Jesse, LLC provides instructional art programs and is not a provider of medical or clinical therapy. Services are funded via Regional Center authorization or private pay. Attendance in virtual sessions requires a stable internet connection and basic art supplies as outlined in the [&hellip;]<\/p>\n","protected":false},"author":1,"featured_media":0,"parent":0,"menu_order":0,"comment_status":"closed","ping_status":"closed","template":"elementor_header_footer","meta":{"footnotes":""},"class_list":["post-1117","page","type-page","status-publish","hentry"],"_links":{"self":[{"href":"https:\/\/paintingwithjesse.com\/es\/wp-json\/wp\/v2\/pages\/1117","targetHints":{"allow":["GET"]}}],"collection":[{"href":"https:\/\/paintingwithjesse.com\/es\/wp-json\/wp\/v2\/pages"}],"about":[{"href":"https:\/\/paintingwithjesse.com\/es\/wp-json\/wp\/v2\/types\/page"}],"author":[{"embeddable":true,"href":"https:\/\/paintingwithjesse.com\/es\/wp-json\/wp\/v2\/users\/1"}],"replies":[{"embeddable":true,"href":"https:\/\/paintingwithjesse.com\/es\/wp-json\/wp\/v2\/comments?post=1117"}],"version-history":[{"count":0,"href":"https:\/\/paintingwithjesse.com\/es\/wp-json\/wp\/v2\/pages\/1117\/revisions"}],"wp:attachment":[{"href":"https:\/\/paintingwithjesse.com\/es\/wp-json\/wp\/v2\/media?parent=1117"}],"curies":[{"name":"wp","href":"https:\/\/api.w.org\/{rel}","templated":true}]}}