{"id":3,"date":"2026-04-10T09:36:51","date_gmt":"2026-04-10T09:36:51","guid":{"rendered":"https:\/\/paintingwithjesse.com\/?page_id=3"},"modified":"2026-05-08T04:32:21","modified_gmt":"2026-05-08T04:32:21","slug":"privacy-policy","status":"publish","type":"page","link":"https:\/\/paintingwithjesse.com\/es\/privacy-policy\/","title":{"rendered":"Pol\u00edtica de privacidad"},"content":{"rendered":"<div data-elementor-type=\"wp-page\" data-elementor-id=\"3\" class=\"elementor elementor-3\" data-elementor-post-type=\"page\">\n\t\t\t\t<div class=\"elementor-element elementor-element-2515fb81 e-flex e-con-boxed e-con e-parent\" data-id=\"2515fb81\" data-element_type=\"container\" data-e-type=\"container\">\n\t\t\t\t\t<div class=\"e-con-inner\">\n\t\t\t\t<div class=\"elementor-element elementor-element-ea55f8e elementor-widget elementor-widget-heading\" data-id=\"ea55f8e\" data-element_type=\"widget\" data-e-type=\"widget\" data-widget_type=\"heading.default\">\n\t\t\t\t\t<h2 class=\"elementor-heading-title elementor-size-default\">Pol\u00edtica de privacidad <\/h2>\t\t\t\t<\/div>\n\t\t\t\t<div class=\"elementor-element elementor-element-989c619 elementor-widget__width-initial elementor-widget elementor-widget-text-editor\" data-id=\"989c619\" data-element_type=\"widget\" data-e-type=\"widget\" data-widget_type=\"text-editor.default\">\n\t\t\t\t\t\t\t\t\tPainting with Jesse, LLC se compromete a proteger su privacidad. Recopilamos informaci\u00f3n personal (nombres, correos electr\u00f3nicos y edades de los estudiantes) \u00fanicamente con el fin de la admisi\u00f3n al programa y la comunicaci\u00f3n. No vendemos ni compartimos sus datos con terceros, excepto seg\u00fan lo requiera el Centro Regional para la autorizaci\u00f3n del servicio. Todas las sesiones virtuales se llevan a cabo a trav\u00e9s de salas de Zoom privadas y seguras.\t\t\t\t\t\t\t\t<\/div>\n\t\t\t\t\t<\/div>\n\t\t\t\t<\/div>\n\t\t\t\t<\/div>","protected":false},"excerpt":{"rendered":"<p>Privacy Policy Painting with Jesse, LLC is committed to protecting your privacy. We collect personal information (names, emails, and student ages) solely for the purpose of program intake and communication. We do not sell or share your data with third parties, except as required by the Regional Center for service authorization. All virtual sessions are [&hellip;]<\/p>\n","protected":false},"author":1,"featured_media":0,"parent":0,"menu_order":0,"comment_status":"closed","ping_status":"open","template":"elementor_header_footer","meta":{"footnotes":""},"class_list":["post-3","page","type-page","status-publish","hentry"],"_links":{"self":[{"href":"https:\/\/paintingwithjesse.com\/es\/wp-json\/wp\/v2\/pages\/3","targetHints":{"allow":["GET"]}}],"collection":[{"href":"https:\/\/paintingwithjesse.com\/es\/wp-json\/wp\/v2\/pages"}],"about":[{"href":"https:\/\/paintingwithjesse.com\/es\/wp-json\/wp\/v2\/types\/page"}],"author":[{"embeddable":true,"href":"https:\/\/paintingwithjesse.com\/es\/wp-json\/wp\/v2\/users\/1"}],"replies":[{"embeddable":true,"href":"https:\/\/paintingwithjesse.com\/es\/wp-json\/wp\/v2\/comments?post=3"}],"version-history":[{"count":0,"href":"https:\/\/paintingwithjesse.com\/es\/wp-json\/wp\/v2\/pages\/3\/revisions"}],"wp:attachment":[{"href":"https:\/\/paintingwithjesse.com\/es\/wp-json\/wp\/v2\/media?parent=3"}],"curies":[{"name":"wp","href":"https:\/\/api.w.org\/{rel}","templated":true}]}}